{"id":1781,"date":"1233-07-08T21:22:17","date_gmt":"1233-07-08T19:22:17","guid":{"rendered":"http:\/\/kleinpark.hu\/wp\/?post_type=product&#038;p=1781"},"modified":"2023-09-01T14:07:49","modified_gmt":"2023-09-01T12:07:49","slug":"jcb-4cx","status":"publish","type":"product","link":"https:\/\/kleinpark.hu\/wp\/termek\/jcb-4cx\/","title":{"rendered":"JCB 4CX"},"content":{"rendered":"","protected":false},"excerpt":{"rendered":"<p>Kotr\u00f3rakod\u00f3<\/p>\n<p><a href=\"http:\/\/whitelocks.co.uk\/wp-content\/uploads\/jcb-4cx.pdf\">http:\/\/whitelocks.co.uk\/wp-content\/uploads\/jcb-4cx.pdf<\/a><\/p>\n<p>25-90 m\u00e9ly\u00e1s\u00f3 kan\u00e1l<\/p>\n<p>150-es r\u00e9zs\u0171kan\u00e1l sima \u00e9s hidraulikus raklapvill\u00e1val<\/p>\n<p>bont\u00f3kalap\u00e1cs 300 kg<\/p>\n<p>hidraulikus f\u00far\u00f3 adapter<\/p>\n<p>400 mm \u00e9s 800 mm csig\u00e1val<\/p>\n","protected":false},"featured_media":348,"template":"","meta":{"_eb_attr":"","_monsterinsights_skip_tracking":false,"_monsterinsights_sitenote_active":false,"_monsterinsights_sitenote_note":"","_monsterinsights_sitenote_category":0},"product_brand":[],"product_cat":[28],"product_tag":[],"class_list":{"0":"post-1781","1":"product","2":"type-product","3":"status-publish","4":"has-post-thumbnail","6":"product_cat-2-foldmunkagepek","8":"first","9":"instock","10":"shipping-taxable","11":"product-type-simple","12":"customify-col"},"aioseo_notices":[],"jetpack_sharing_enabled":true,"_links":{"self":[{"href":"https:\/\/kleinpark.hu\/wp\/wp-json\/wp\/v2\/product\/1781","targetHints":{"allow":["GET"]}}],"collection":[{"href":"https:\/\/kleinpark.hu\/wp\/wp-json\/wp\/v2\/product"}],"about":[{"href":"https:\/\/kleinpark.hu\/wp\/wp-json\/wp\/v2\/types\/product"}],"version-history":[{"count":2,"href":"https:\/\/kleinpark.hu\/wp\/wp-json\/wp\/v2\/product\/1781\/revisions"}],"predecessor-version":[{"id":62845,"href":"https:\/\/kleinpark.hu\/wp\/wp-json\/wp\/v2\/product\/1781\/revisions\/62845"}],"wp:featuredmedia":[{"embeddable":true,"href":"https:\/\/kleinpark.hu\/wp\/wp-json\/wp\/v2\/media\/348"}],"wp:attachment":[{"href":"https:\/\/kleinpark.hu\/wp\/wp-json\/wp\/v2\/media?parent=1781"}],"wp:term":[{"taxonomy":"product_brand","embeddable":true,"href":"https:\/\/kleinpark.hu\/wp\/wp-json\/wp\/v2\/product_brand?post=1781"},{"taxonomy":"product_cat","embeddable":true,"href":"https:\/\/kleinpark.hu\/wp\/wp-json\/wp\/v2\/product_cat?post=1781"},{"taxonomy":"product_tag","embeddable":true,"href":"https:\/\/kleinpark.hu\/wp\/wp-json\/wp\/v2\/product_tag?post=1781"}],"curies":[{"name":"wp","href":"https:\/\/api.w.org\/{rel}","templated":true}]}}