{"id":61670,"date":"2023-08-24T14:41:48","date_gmt":"2023-08-24T12:41:48","guid":{"rendered":"https:\/\/kleinpark.hu\/wp\/?page_id=61670"},"modified":"2023-08-29T11:26:48","modified_gmt":"2023-08-29T09:26:48","slug":"pneumatika","status":"publish","type":"page","link":"https:\/\/kleinpark.hu\/wp\/pneumatika\/","title":{"rendered":"Pneumatika"},"content":{"rendered":"\t\t<div data-elementor-type=\"wp-page\" data-elementor-id=\"61670\" class=\"elementor elementor-61670\">\n\t\t\t\t\t\t<section class=\"elementor-section elementor-top-section elementor-element elementor-element-86ac481 elementor-section-boxed elementor-section-height-default elementor-section-height-default\" data-id=\"86ac481\" data-element_type=\"section\" data-e-type=\"section\">\n\t\t\t\t\t\t<div class=\"elementor-container elementor-column-gap-default\">\n\t\t\t\t\t<div class=\"elementor-column elementor-col-25 elementor-top-column elementor-element elementor-element-8f859d9\" data-id=\"8f859d9\" data-element_type=\"column\" data-e-type=\"column\">\n\t\t\t<div class=\"elementor-widget-wrap elementor-element-populated\">\n\t\t\t\t\t\t<div class=\"elementor-element elementor-element-ceffa96 elementor-position-top elementor-widget elementor-widget-image-box\" data-id=\"ceffa96\" data-element_type=\"widget\" data-e-type=\"widget\" data-widget_type=\"image-box.default\">\n\t\t\t\t<div class=\"elementor-widget-container\">\n\t\t\t\t\t<div class=\"elementor-image-box-wrapper\"><figure class=\"elementor-image-box-img\"><img fetchpriority=\"high\" decoding=\"async\" width=\"238\" height=\"238\" src=\"https:\/\/kleinpark.hu\/wp\/wp-content\/uploads\/2023\/08\/800708.jpg\" class=\"attachment-full size-full wp-image-61852\" alt=\"\" srcset=\"https:\/\/kleinpark.hu\/wp\/wp-content\/uploads\/2023\/08\/800708.jpg 238w, https:\/\/kleinpark.hu\/wp\/wp-content\/uploads\/2023\/08\/800708-150x150.jpg 150w, https:\/\/kleinpark.hu\/wp\/wp-content\/uploads\/2023\/08\/800708-100x100.jpg 100w\" sizes=\"(max-width: 238px) 100vw, 238px\" \/><\/figure><div class=\"elementor-image-box-content\"><h3 class=\"elementor-image-box-title\">PUSH-IN csatlakoz\u00f3k<\/h3><\/div><\/div>\t\t\t\t<\/div>\n\t\t\t\t<\/div>\n\t\t\t\t\t<\/div>\n\t\t<\/div>\n\t\t\t\t<div class=\"elementor-column elementor-col-25 elementor-top-column elementor-element elementor-element-23ff029\" data-id=\"23ff029\" data-element_type=\"column\" data-e-type=\"column\">\n\t\t\t<div class=\"elementor-widget-wrap elementor-element-populated\">\n\t\t\t\t\t\t<div class=\"elementor-element elementor-element-3a80b74 elementor-position-top elementor-widget elementor-widget-image-box\" data-id=\"3a80b74\" data-element_type=\"widget\" data-e-type=\"widget\" data-widget_type=\"image-box.default\">\n\t\t\t\t<div class=\"elementor-widget-container\">\n\t\t\t\t\t<div class=\"elementor-image-box-wrapper\"><figure class=\"elementor-image-box-img\"><img decoding=\"async\" width=\"195\" height=\"230\" src=\"https:\/\/kleinpark.hu\/wp\/wp-content\/uploads\/2023\/08\/t-szupergyors-csatlakozo-s6430-8-1-4.jpg\" class=\"attachment-full size-full wp-image-61854\" alt=\"\" \/><\/figure><div class=\"elementor-image-box-content\"><h3 class=\"elementor-image-box-title\">PUSH-ON csatlakoz\u00f3k<\/h3><\/div><\/div>\t\t\t\t<\/div>\n\t\t\t\t<\/div>\n\t\t\t\t\t<\/div>\n\t\t<\/div>\n\t\t\t\t<div class=\"elementor-column elementor-col-25 elementor-top-column elementor-element elementor-element-0ffda09\" data-id=\"0ffda09\" data-element_type=\"column\" data-e-type=\"column\">\n\t\t\t<div class=\"elementor-widget-wrap elementor-element-populated\">\n\t\t\t\t\t\t<div class=\"elementor-element elementor-element-707ac44 elementor-position-top elementor-widget elementor-widget-image-box\" data-id=\"707ac44\" data-element_type=\"widget\" data-e-type=\"widget\" data-widget_type=\"image-box.default\">\n\t\t\t\t<div class=\"elementor-widget-container\">\n\t\t\t\t\t<div class=\"elementor-image-box-wrapper\"><figure class=\"elementor-image-box-img\"><img decoding=\"async\" width=\"238\" height=\"238\" src=\"https:\/\/kleinpark.hu\/wp\/wp-content\/uploads\/2023\/08\/558038.jpg\" class=\"attachment-full size-full wp-image-61855\" alt=\"\" srcset=\"https:\/\/kleinpark.hu\/wp\/wp-content\/uploads\/2023\/08\/558038.jpg 238w, https:\/\/kleinpark.hu\/wp\/wp-content\/uploads\/2023\/08\/558038-150x150.jpg 150w, https:\/\/kleinpark.hu\/wp\/wp-content\/uploads\/2023\/08\/558038-100x100.jpg 100w\" sizes=\"(max-width: 238px) 100vw, 238px\" \/><\/figure><div class=\"elementor-image-box-content\"><h3 class=\"elementor-image-box-title\">Pneumatika adapterek<\/h3><\/div><\/div>\t\t\t\t<\/div>\n\t\t\t\t<\/div>\n\t\t\t\t\t<\/div>\n\t\t<\/div>\n\t\t\t\t<div class=\"elementor-column elementor-col-25 elementor-top-column elementor-element elementor-element-d9c771c\" data-id=\"d9c771c\" data-element_type=\"column\" data-e-type=\"column\">\n\t\t\t<div class=\"elementor-widget-wrap elementor-element-populated\">\n\t\t\t\t\t\t<div class=\"elementor-element elementor-element-c2fb01e elementor-position-top elementor-widget elementor-widget-image-box\" data-id=\"c2fb01e\" data-element_type=\"widget\" data-e-type=\"widget\" data-widget_type=\"image-box.default\">\n\t\t\t\t<div class=\"elementor-widget-container\">\n\t\t\t\t\t<div class=\"elementor-image-box-wrapper\"><figure class=\"elementor-image-box-img\"><img loading=\"lazy\" decoding=\"async\" width=\"300\" height=\"300\" src=\"https:\/\/kleinpark.hu\/wp\/wp-content\/uploads\/2023\/08\/Levegos-csap-push.jpeg\" class=\"attachment-full size-full wp-image-62223\" alt=\"\" srcset=\"https:\/\/kleinpark.hu\/wp\/wp-content\/uploads\/2023\/08\/Levegos-csap-push.jpeg 300w, https:\/\/kleinpark.hu\/wp\/wp-content\/uploads\/2023\/08\/Levegos-csap-push-150x150.jpeg 150w, https:\/\/kleinpark.hu\/wp\/wp-content\/uploads\/2023\/08\/Levegos-csap-push-100x100.jpeg 100w\" sizes=\"(max-width: 300px) 100vw, 300px\" \/><\/figure><div class=\"elementor-image-box-content\"><h3 class=\"elementor-image-box-title\">Pneumatikus szelepek<\/h3><\/div><\/div>\t\t\t\t<\/div>\n\t\t\t\t<\/div>\n\t\t\t\t\t<\/div>\n\t\t<\/div>\n\t\t\t\t\t<\/div>\n\t\t<\/section>\n\t\t\t\t<section class=\"elementor-section elementor-top-section elementor-element elementor-element-6ab28fd elementor-section-boxed elementor-section-height-default elementor-section-height-default\" data-id=\"6ab28fd\" data-element_type=\"section\" data-e-type=\"section\">\n\t\t\t\t\t\t<div class=\"elementor-container elementor-column-gap-default\">\n\t\t\t\t\t<div class=\"elementor-column elementor-col-25 elementor-top-column elementor-element elementor-element-1de9300\" data-id=\"1de9300\" data-element_type=\"column\" data-e-type=\"column\">\n\t\t\t<div class=\"elementor-widget-wrap elementor-element-populated\">\n\t\t\t\t\t\t<div class=\"elementor-element elementor-element-6a87500 elementor-position-top elementor-widget elementor-widget-image-box\" data-id=\"6a87500\" data-element_type=\"widget\" data-e-type=\"widget\" data-widget_type=\"image-box.default\">\n\t\t\t\t<div class=\"elementor-widget-container\">\n\t\t\t\t\t<div class=\"elementor-image-box-wrapper\"><figure class=\"elementor-image-box-img\"><img loading=\"lazy\" decoding=\"async\" width=\"529\" height=\"548\" src=\"https:\/\/kleinpark.hu\/wp\/wp-content\/uploads\/2023\/08\/GC_600_levego_elokeszito.jpg\" class=\"attachment-full size-full wp-image-61858\" alt=\"\" srcset=\"https:\/\/kleinpark.hu\/wp\/wp-content\/uploads\/2023\/08\/GC_600_levego_elokeszito.jpg 529w, https:\/\/kleinpark.hu\/wp\/wp-content\/uploads\/2023\/08\/GC_600_levego_elokeszito-290x300.jpg 290w\" sizes=\"(max-width: 529px) 100vw, 529px\" \/><\/figure><div class=\"elementor-image-box-content\"><h3 class=\"elementor-image-box-title\">Pneumatika el\u0151k\u00e9sz\u00edt\u0151k<\/h3><\/div><\/div>\t\t\t\t<\/div>\n\t\t\t\t<\/div>\n\t\t\t\t\t<\/div>\n\t\t<\/div>\n\t\t\t\t<div class=\"elementor-column elementor-col-25 elementor-top-column elementor-element elementor-element-3be9af1\" data-id=\"3be9af1\" data-element_type=\"column\" data-e-type=\"column\">\n\t\t\t<div class=\"elementor-widget-wrap elementor-element-populated\">\n\t\t\t\t\t\t<div class=\"elementor-element elementor-element-b1a37b8 elementor-position-top elementor-widget elementor-widget-image-box\" data-id=\"b1a37b8\" data-element_type=\"widget\" data-e-type=\"widget\" data-widget_type=\"image-box.default\">\n\t\t\t\t<div class=\"elementor-widget-container\">\n\t\t\t\t\t<div class=\"elementor-image-box-wrapper\"><figure class=\"elementor-image-box-img\"><img loading=\"lazy\" decoding=\"async\" width=\"758\" height=\"758\" src=\"https:\/\/kleinpark.hu\/wp\/wp-content\/uploads\/2023\/08\/res_944803d71f8725e4de45346eedbc3f69.jpg\" class=\"attachment-full size-full wp-image-61863\" alt=\"\" srcset=\"https:\/\/kleinpark.hu\/wp\/wp-content\/uploads\/2023\/08\/res_944803d71f8725e4de45346eedbc3f69.jpg 758w, https:\/\/kleinpark.hu\/wp\/wp-content\/uploads\/2023\/08\/res_944803d71f8725e4de45346eedbc3f69-300x300.jpg 300w, https:\/\/kleinpark.hu\/wp\/wp-content\/uploads\/2023\/08\/res_944803d71f8725e4de45346eedbc3f69-150x150.jpg 150w, https:\/\/kleinpark.hu\/wp\/wp-content\/uploads\/2023\/08\/res_944803d71f8725e4de45346eedbc3f69-100x100.jpg 100w, https:\/\/kleinpark.hu\/wp\/wp-content\/uploads\/2023\/08\/res_944803d71f8725e4de45346eedbc3f69-600x600.jpg 600w\" sizes=\"(max-width: 758px) 100vw, 758px\" \/><\/figure><div class=\"elementor-image-box-content\"><h3 class=\"elementor-image-box-title\">Pneumatika gyorscsatlakoz\u00f3k<\/h3><\/div><\/div>\t\t\t\t<\/div>\n\t\t\t\t<\/div>\n\t\t\t\t\t<\/div>\n\t\t<\/div>\n\t\t\t\t<div class=\"elementor-column elementor-col-25 elementor-top-column elementor-element elementor-element-ab2039d\" data-id=\"ab2039d\" data-element_type=\"column\" data-e-type=\"column\">\n\t\t\t<div class=\"elementor-widget-wrap elementor-element-populated\">\n\t\t\t\t\t\t<div class=\"elementor-element elementor-element-51a0be9 elementor-position-top elementor-widget elementor-widget-image-box\" data-id=\"51a0be9\" data-element_type=\"widget\" data-e-type=\"widget\" data-widget_type=\"image-box.default\">\n\t\t\t\t<div class=\"elementor-widget-container\">\n\t\t\t\t\t<div class=\"elementor-image-box-wrapper\"><figure class=\"elementor-image-box-img\"><img loading=\"lazy\" decoding=\"async\" width=\"1280\" height=\"1280\" src=\"https:\/\/kleinpark.hu\/wp\/wp-content\/uploads\/2023\/08\/res_1bfe565e537096dcec1402921369e497.jpg\" class=\"attachment-full size-full wp-image-61826\" alt=\"\" srcset=\"https:\/\/kleinpark.hu\/wp\/wp-content\/uploads\/2023\/08\/res_1bfe565e537096dcec1402921369e497.jpg 1280w, https:\/\/kleinpark.hu\/wp\/wp-content\/uploads\/2023\/08\/res_1bfe565e537096dcec1402921369e497-300x300.jpg 300w, https:\/\/kleinpark.hu\/wp\/wp-content\/uploads\/2023\/08\/res_1bfe565e537096dcec1402921369e497-1024x1024.jpg 1024w, https:\/\/kleinpark.hu\/wp\/wp-content\/uploads\/2023\/08\/res_1bfe565e537096dcec1402921369e497-150x150.jpg 150w, https:\/\/kleinpark.hu\/wp\/wp-content\/uploads\/2023\/08\/res_1bfe565e537096dcec1402921369e497-768x768.jpg 768w, https:\/\/kleinpark.hu\/wp\/wp-content\/uploads\/2023\/08\/res_1bfe565e537096dcec1402921369e497-100x100.jpg 100w, https:\/\/kleinpark.hu\/wp\/wp-content\/uploads\/2023\/08\/res_1bfe565e537096dcec1402921369e497-600x600.jpg 600w\" sizes=\"(max-width: 1280px) 100vw, 1280px\" \/><\/figure><div class=\"elementor-image-box-content\"><h3 class=\"elementor-image-box-title\">Pneumatika t\u00f6ml\u0151k<\/h3><\/div><\/div>\t\t\t\t<\/div>\n\t\t\t\t<\/div>\n\t\t\t\t\t<\/div>\n\t\t<\/div>\n\t\t\t\t<div class=\"elementor-column elementor-col-25 elementor-top-column elementor-element elementor-element-9c8f6d8\" data-id=\"9c8f6d8\" data-element_type=\"column\" data-e-type=\"column\">\n\t\t\t<div class=\"elementor-widget-wrap\">\n\t\t\t\t\t\t\t<\/div>\n\t\t<\/div>\n\t\t\t\t\t<\/div>\n\t\t<\/section>\n\t\t\t\t<\/div>\n\t\t","protected":false},"excerpt":{"rendered":"<p>PUSH-IN csatlakoz\u00f3k PUSH-ON csatlakoz\u00f3k Pneumatika adapterek Pneumatikus szelepek Pneumatika el\u0151k\u00e9sz\u00edt\u0151k Pneumatika gyorscsatlakoz\u00f3k Pneumatika t\u00f6ml\u0151k<\/p>\n","protected":false},"author":2,"featured_media":0,"parent":0,"menu_order":0,"comment_status":"closed","ping_status":"closed","template":"","meta":{"_eb_attr":"","_monsterinsights_skip_tracking":false,"_monsterinsights_sitenote_active":false,"_monsterinsights_sitenote_note":"","_monsterinsights_sitenote_category":0,"footnotes":""},"class_list":["post-61670","page","type-page","status-publish","hentry"],"aioseo_notices":[],"jetpack_sharing_enabled":true,"_links":{"self":[{"href":"https:\/\/kleinpark.hu\/wp\/wp-json\/wp\/v2\/pages\/61670","targetHints":{"allow":["GET"]}}],"collection":[{"href":"https:\/\/kleinpark.hu\/wp\/wp-json\/wp\/v2\/pages"}],"about":[{"href":"https:\/\/kleinpark.hu\/wp\/wp-json\/wp\/v2\/types\/page"}],"author":[{"embeddable":true,"href":"https:\/\/kleinpark.hu\/wp\/wp-json\/wp\/v2\/users\/2"}],"replies":[{"embeddable":true,"href":"https:\/\/kleinpark.hu\/wp\/wp-json\/wp\/v2\/comments?post=61670"}],"version-history":[{"count":10,"href":"https:\/\/kleinpark.hu\/wp\/wp-json\/wp\/v2\/pages\/61670\/revisions"}],"predecessor-version":[{"id":62229,"href":"https:\/\/kleinpark.hu\/wp\/wp-json\/wp\/v2\/pages\/61670\/revisions\/62229"}],"wp:attachment":[{"href":"https:\/\/kleinpark.hu\/wp\/wp-json\/wp\/v2\/media?parent=61670"}],"curies":[{"name":"wp","href":"https:\/\/api.w.org\/{rel}","templated":true}]}}