{"id":595,"date":"2015-05-15T09:39:07","date_gmt":"2015-05-15T08:39:07","guid":{"rendered":"http:\/\/kleinpark.hu\/wp\/?page_id=595"},"modified":"2023-09-03T19:21:42","modified_gmt":"2023-09-03T17:21:42","slug":"foldmunkavegzes","status":"publish","type":"page","link":"https:\/\/kleinpark.hu\/wp\/szolgaltatasaink-2\/foldmunkavegzes\/","title":{"rendered":"F\u00f6ldmunkav\u00e9gz\u00e9s"},"content":{"rendered":"\t\t<div data-elementor-type=\"wp-page\" data-elementor-id=\"595\" class=\"elementor elementor-595\">\n\t\t\t\t\t\t<section class=\"elementor-section elementor-top-section elementor-element elementor-element-3533fba1 elementor-section-boxed elementor-section-height-default elementor-section-height-default\" data-id=\"3533fba1\" data-element_type=\"section\" data-e-type=\"section\">\n\t\t\t\t\t\t<div class=\"elementor-container elementor-column-gap-default\">\n\t\t\t\t\t<div class=\"elementor-column elementor-col-100 elementor-top-column elementor-element elementor-element-5caa47a\" data-id=\"5caa47a\" data-element_type=\"column\" data-e-type=\"column\">\n\t\t\t<div class=\"elementor-widget-wrap elementor-element-populated\">\n\t\t\t\t\t\t<div class=\"elementor-element elementor-element-418e9979 elementor-widget elementor-widget-text-editor\" data-id=\"418e9979\" data-element_type=\"widget\" data-e-type=\"widget\" data-widget_type=\"text-editor.default\">\n\t\t\t\t<div class=\"elementor-widget-container\">\n\t\t\t\t\t\t\t\t\t<p>G\u00e9pi f\u00f6ldmunkav\u00e9gz\u00e9s sz\u00e9les v\u00e1laszt\u00e9k\u00fa g\u00e9pparkkal (alap\u00e1s\u00e1s, tereprendez\u00e9s, \u00e1rkok, bev\u00e1g\u00e1sok k\u00e9sz\u00edt\u00e9se).<br \/>Sz\u00fcks\u00e9g eset\u00e9n kieg\u00e9sz\u00edt\u0151 k\u00e9zi er\u0151vel.<\/p><\/div><\/div><\/div><\/div><\/div><\/section><\/div> <a href=\"https:\/\/kleinpark.hu\/wp\/szolgaltatasaink-2\/foldmunkavegzes\/#more-595\" class=\"more-link elementor-more-link\"><span aria-label=\"Tov\u00e1bb olvasom F\u00f6ldmunkav\u00e9gz\u00e9s\">(more&hellip;)<\/span><\/a>","protected":false},"excerpt":{"rendered":"<p>G\u00e9pi f\u00f6ldmunkav\u00e9gz\u00e9s sz\u00e9les v\u00e1laszt\u00e9k\u00fa g\u00e9pparkkal (alap\u00e1s\u00e1s, tereprendez\u00e9s, \u00e1rkok, bev\u00e1g\u00e1sok k\u00e9sz\u00edt\u00e9se).Sz\u00fcks\u00e9g eset\u00e9n kieg\u00e9sz\u00edt\u0151 k\u00e9zi er\u0151vel.<\/p>\n","protected":false},"author":1,"featured_media":810,"parent":135,"menu_order":0,"comment_status":"closed","ping_status":"open","template":"","meta":{"_eb_attr":"","_monsterinsights_skip_tracking":false,"_monsterinsights_sitenote_active":false,"_monsterinsights_sitenote_note":"","_monsterinsights_sitenote_category":0,"footnotes":""},"class_list":["post-595","page","type-page","status-publish","has-post-thumbnail","hentry"],"aioseo_notices":[],"jetpack_sharing_enabled":true,"_links":{"self":[{"href":"https:\/\/kleinpark.hu\/wp\/wp-json\/wp\/v2\/pages\/595","targetHints":{"allow":["GET"]}}],"collection":[{"href":"https:\/\/kleinpark.hu\/wp\/wp-json\/wp\/v2\/pages"}],"about":[{"href":"https:\/\/kleinpark.hu\/wp\/wp-json\/wp\/v2\/types\/page"}],"author":[{"embeddable":true,"href":"https:\/\/kleinpark.hu\/wp\/wp-json\/wp\/v2\/users\/1"}],"replies":[{"embeddable":true,"href":"https:\/\/kleinpark.hu\/wp\/wp-json\/wp\/v2\/comments?post=595"}],"version-history":[{"count":41,"href":"https:\/\/kleinpark.hu\/wp\/wp-json\/wp\/v2\/pages\/595\/revisions"}],"predecessor-version":[{"id":62905,"href":"https:\/\/kleinpark.hu\/wp\/wp-json\/wp\/v2\/pages\/595\/revisions\/62905"}],"up":[{"embeddable":true,"href":"https:\/\/kleinpark.hu\/wp\/wp-json\/wp\/v2\/pages\/135"}],"wp:featuredmedia":[{"embeddable":true,"href":"https:\/\/kleinpark.hu\/wp\/wp-json\/wp\/v2\/media\/810"}],"wp:attachment":[{"href":"https:\/\/kleinpark.hu\/wp\/wp-json\/wp\/v2\/media?parent=595"}],"curies":[{"name":"wp","href":"https:\/\/api.w.org\/{rel}","templated":true}]}}