{"id":1291,"date":"2019-06-21T10:46:02","date_gmt":"2019-06-21T08:46:02","guid":{"rendered":"http:\/\/kleinpark.hu\/wp\/?page_id=1291"},"modified":"2023-08-31T14:21:00","modified_gmt":"2023-08-31T12:21:00","slug":"daruk-teherautok-potkocsik-2","status":"publish","type":"page","link":"https:\/\/kleinpark.hu\/wp\/geppark-3\/daruk-teherautok-potkocsik-2\/","title":{"rendered":"Daruk- Teheraut\u00f3k P\u00f3tkocsik"},"content":{"rendered":"\t\t<div data-elementor-type=\"wp-post\" data-elementor-id=\"1291\" class=\"elementor elementor-1291\">\n\t\t\t\t\t\t<section class=\"elementor-section elementor-top-section elementor-element elementor-element-1a397b1e elementor-section-boxed elementor-section-height-default elementor-section-height-default\" data-id=\"1a397b1e\" data-element_type=\"section\" data-e-type=\"section\">\n\t\t\t\t\t\t<div class=\"elementor-container elementor-column-gap-default\">\n\t\t\t\t\t<div class=\"elementor-column elementor-col-100 elementor-top-column elementor-element elementor-element-22a95f7b\" data-id=\"22a95f7b\" data-element_type=\"column\" data-e-type=\"column\">\n\t\t\t<div class=\"elementor-widget-wrap elementor-element-populated\">\n\t\t\t\t\t\t<div class=\"elementor-element elementor-element-8d2e750 elementor-widget elementor-widget-text-editor\" data-id=\"8d2e750\" data-element_type=\"widget\" data-e-type=\"widget\" data-widget_type=\"text-editor.default\">\n\t\t\t\t<div class=\"elementor-widget-container\">\n\t\t\t\t\t<!-- Custom Styling -->\r\n<style type=\"text\/css\">\r\n\t    #woo__multi__layout__1292 .dynamic__css__class{\r\n\t\t\t\tborder:1px solid #000000;\r\n\t\t\t}\r\n\t#woo__multi__layout__1292 .dynamic__css__class:hover{\r\n\t\t\t}\r\n\t\r\n\ttable.shop_table.woo__mulit__layout__table__views thead th{\r\n\t\t\t\tfont-size:14px;\r\n\t\t\t\t\r\n\t\t\r\n\t}\r\n\r\n\t\t#woo__multi__layout__1292 .woo_mulit_excerpt{\r\n\t\t\t}\r\n \r\n\t#woo__multi__layout__1292 .woo_mulit_layout_product_title h3,\r\n\t#woo__multi__layout__1292 .woo_mulit_layout_product_title a,\r\n\t#woo__multi__layout__1292 h2.woocommerce-loop-product__title,\r\n\t#woo__multi__layout__1292 h2.woocommerce-loop-product__title a{\r\n\t\r\n\t\t\t}\r\n\t#woo__multi__layout__1292 .woo_mulit_layout_product_title h3:hover,\r\n\t#woo__multi__layout__1292 .woo_mulit_layout_product_title a:hover{\r\n\t\t\t}\r\n\r\n\t#woo__multi__layout__1292 .button,\r\n\t#woo__multi__layout__1292 .added_to_cart{\r\n\t\t\t\t\t}\r\n\t#woo__multi__layout__1292 .button:hover,\r\n\t#woo__multi__layout__1292 .added_to_cart:hover{\r\n\t\t\t}\r\n\t\r\n\t#woo__multi__layout__1292 .woo_mulit_categories a,\r\n\t#woo__multi__layout__1292 .woo_mulit_categories{\r\n\t\t\t}\r\n\t#woo__multi__layout__1292 .woo_mulit_categories a:hover{\r\n\t\t\t}\r\n\t\r\n\t#woo__multi__layout__1292 .woo_mulit_tagged  a,\r\n\t#woo__multi__layout__1292 .woo_mulit_tagged {\r\n\t\t\t}\r\n\t#woo__multi__layout__1292 .woo_mulit_tagged  a:hover{\r\n\t\t\t}\r\n\t\r\n\t#woo__multi__layout__1292 .woo_mulit_readmore a{\r\n\t\t\t\tfont-size:13px;\r\n\t\t\t\t\t}\r\n\t#woo__multi__layout__1292 .woo_mulit_readmore a:hover{\r\n\t\t\t}\r\n \t#woo__multi__layout__1292 .woo_mulit_sku {\r\n\t\t\t}\r\n\t#woo__multi__layout__1292 .woo_mulit_stock {\r\n\t\t\t}\r\n\r\n\t#woo__multi__layout__1292 .woo_mulit_stock_status {\r\n\t\t\t}\r\n\r\n<\/style>\r\n<!-- Custom Styling -->\t\t\t\t<div class=\"woocommerce\" id=\"woo__multi__layout__1292\">\n<ul class='woo__mulit__layout__grid woo__mulit__layout'>\n<li class='ed__col__4 ed__col__md__1 ed__col__sm__2'>\n<div class='dynamic__css__class'>\n<div class='woo_mulit_layout_product_image hatter-a-gepnek none'><a href=\"https:\/\/kleinpark.hu\/wp\/termek\/man-tgs-35-480\/\" class=\"woocommerce-LoopProduct-link woocommerce-loop-product__link\"><img decoding=\"async\" src=\"https:\/\/kleinpark.hu\/wp\/wp-content\/uploads\/2023\/09\/aeeh755-e1756985836488-150x150.png\" alt=\"MAN TGS 35.480 Palfinger PK 74002\" \/><\/a><\/div>\n<div class=\"woo_mulit_layout_product_title \">\n<h2 class=\"woocommerce-loop-product__title\"><a href=\"https:\/\/kleinpark.hu\/wp\/termek\/man-tgs-35-480\/\" class=\"woocommerce-LoopProduct-link woocommerce-loop-product__link\">MAN TGS 35.480 Palfinger PK 74002<\/a><\/h2>\n<\/div>\n<div class=\"woo_mulit_readmore \"> <a href=\" https:\/\/kleinpark.hu\/wp\/termek\/man-tgs-35-480\/ \">Tov\u00e1bbi r\u00e9szletek<\/a>&nbsp;<\/div>\n<\/div>\n<\/li>\n<li class='ed__col__4 ed__col__md__1 ed__col__sm__2'>\n<div class='dynamic__css__class'>\n<div class='woo_mulit_layout_product_image hatter-a-gepnek none'><a href=\"https:\/\/kleinpark.hu\/wp\/termek\/volvo\/\" class=\"woocommerce-LoopProduct-link woocommerce-loop-product__link\"><img decoding=\"async\" src=\"https:\/\/kleinpark.hu\/wp\/wp-content\/uploads\/2023\/09\/Nevtelen-3-150x150.png\" alt=\"VOLVO Palfinger PK 72002\" \/><\/a><\/div>\n<div class=\"woo_mulit_layout_product_title \">\n<h2 class=\"woocommerce-loop-product__title\"><a href=\"https:\/\/kleinpark.hu\/wp\/termek\/volvo\/\" class=\"woocommerce-LoopProduct-link woocommerce-loop-product__link\">VOLVO Palfinger PK 72002<\/a><\/h2>\n<\/div>\n<div class=\"woo_mulit_readmore \"> <a href=\" https:\/\/kleinpark.hu\/wp\/termek\/volvo\/ \">Tov\u00e1bbi r\u00e9szletek<\/a>&nbsp;<\/div>\n<\/div>\n<\/li>\n<li class='ed__col__4 ed__col__md__1 ed__col__sm__2'>\n<div class='dynamic__css__class'>\n<div class='woo_mulit_layout_product_image hatter-a-gepnek none'><a href=\"https:\/\/kleinpark.hu\/wp\/termek\/iveco-pk-72002-e-jv-170e\/\" class=\"woocommerce-LoopProduct-link woocommerce-loop-product__link\"><img decoding=\"async\" src=\"https:\/\/kleinpark.hu\/wp\/wp-content\/uploads\/2019\/08\/Nevtelen-150x150.png\" alt=\"IVECO Palfinger PK 72002\" \/><\/a><\/div>\n<div class=\"woo_mulit_layout_product_title \">\n<h2 class=\"woocommerce-loop-product__title\"><a href=\"https:\/\/kleinpark.hu\/wp\/termek\/iveco-pk-72002-e-jv-170e\/\" class=\"woocommerce-LoopProduct-link woocommerce-loop-product__link\">IVECO Palfinger PK 72002<\/a><\/h2>\n<\/div>\n<div class=\"woo_mulit_readmore \"> <a href=\" https:\/\/kleinpark.hu\/wp\/termek\/iveco-pk-72002-e-jv-170e\/ \">Tov\u00e1bbi r\u00e9szletek<\/a>&nbsp;<\/div>\n<\/div>\n<\/li>\n<li class='ed__col__4 ed__col__md__1 ed__col__sm__2'>\n<div class='dynamic__css__class'>\n<div class='woo_mulit_layout_product_image hatter-a-gepnek none'><a href=\"https:\/\/kleinpark.hu\/wp\/termek\/iveco-trakker-pk72002-gjv2\/\" class=\"woocommerce-LoopProduct-link woocommerce-loop-product__link\"><img decoding=\"async\" src=\"https:\/\/kleinpark.hu\/wp\/wp-content\/uploads\/1942\/08\/Nevtelen-150x150.png\" alt=\"IVECO Palfinger PK 72002\" \/><\/a><\/div>\n<div class=\"woo_mulit_layout_product_title \">\n<h2 class=\"woocommerce-loop-product__title\"><a href=\"https:\/\/kleinpark.hu\/wp\/termek\/iveco-trakker-pk72002-gjv2\/\" class=\"woocommerce-LoopProduct-link woocommerce-loop-product__link\">IVECO Palfinger PK 72002<\/a><\/h2>\n<\/div>\n<div class=\"woo_mulit_readmore \"> <a href=\" https:\/\/kleinpark.hu\/wp\/termek\/iveco-trakker-pk72002-gjv2\/ \">Tov\u00e1bbi r\u00e9szletek<\/a>&nbsp;<\/div>\n<\/div>\n<\/li>\n<li class='ed__col__4 ed__col__md__1 ed__col__sm__2'>\n<div class='dynamic__css__class'>\n<div class='woo_mulit_layout_product_image hatter-a-gepnek none'><a href=\"https:\/\/kleinpark.hu\/wp\/termek\/iveco-trakker-2\/\" class=\"woocommerce-LoopProduct-link woocommerce-loop-product__link\"><img decoding=\"async\" src=\"https:\/\/kleinpark.hu\/wp\/wp-content\/uploads\/2019\/09\/aaln-e1756986236803-150x150.png\" alt=\"IVECO ATLAS\/290.2E\" \/><\/a><\/div>\n<div class=\"woo_mulit_layout_product_title \">\n<h2 class=\"woocommerce-loop-product__title\"><a href=\"https:\/\/kleinpark.hu\/wp\/termek\/iveco-trakker-2\/\" class=\"woocommerce-LoopProduct-link woocommerce-loop-product__link\">IVECO ATLAS\/290.2E<\/a><\/h2>\n<\/div>\n<div class=\"woo_mulit_readmore \"> <a href=\" https:\/\/kleinpark.hu\/wp\/termek\/iveco-trakker-2\/ \">Tov\u00e1bbi r\u00e9szletek<\/a>&nbsp;<\/div>\n<\/div>\n<\/li>\n<li class='ed__col__4 ed__col__md__1 ed__col__sm__2'>\n<div class='dynamic__css__class'>\n<div class='woo_mulit_layout_product_image hatter-a-gepnek none'><a href=\"https:\/\/kleinpark.hu\/wp\/termek\/man33-372\/\" class=\"woocommerce-LoopProduct-link woocommerce-loop-product__link\"><img decoding=\"async\" src=\"https:\/\/kleinpark.hu\/wp\/wp-content\/uploads\/man_33372-150x150.png\" alt=\"MAN Palfinger PK 22002\" \/><\/a><\/div>\n<div class=\"woo_mulit_layout_product_title \">\n<h2 class=\"woocommerce-loop-product__title\"><a href=\"https:\/\/kleinpark.hu\/wp\/termek\/man33-372\/\" class=\"woocommerce-LoopProduct-link woocommerce-loop-product__link\">MAN Palfinger PK 22002<\/a><\/h2>\n<\/div>\n<div class=\"woo_mulit_readmore \"> <a href=\" https:\/\/kleinpark.hu\/wp\/termek\/man33-372\/ \">Tov\u00e1bbi r\u00e9szletek<\/a>&nbsp;<\/div>\n<\/div>\n<\/li>\n<li class='ed__col__4 ed__col__md__1 ed__col__sm__2'>\n<div class='dynamic__css__class'>\n<div class='woo_mulit_layout_product_image hatter-a-gepnek none'><a href=\"https:\/\/kleinpark.hu\/wp\/termek\/man-tga-26-430\/\" class=\"woocommerce-LoopProduct-link woocommerce-loop-product__link\"><img decoding=\"async\" src=\"https:\/\/kleinpark.hu\/wp\/wp-content\/uploads\/1939\/12\/Nevtelen-150x150.png\" alt=\"MAN TGA 26.430 Palfinger PK 16502\" \/><\/a><\/div>\n<div class=\"woo_mulit_layout_product_title \">\n<h2 class=\"woocommerce-loop-product__title\"><a href=\"https:\/\/kleinpark.hu\/wp\/termek\/man-tga-26-430\/\" class=\"woocommerce-LoopProduct-link woocommerce-loop-product__link\">MAN TGA 26.430 Palfinger PK 16502<\/a><\/h2>\n<\/div>\n<div class=\"woo_mulit_readmore \"> <a href=\" https:\/\/kleinpark.hu\/wp\/termek\/man-tga-26-430\/ \">Tov\u00e1bbi r\u00e9szletek<\/a>&nbsp;<\/div>\n<\/div>\n<\/li>\n<li class='ed__col__4 ed__col__md__1 ed__col__sm__2'>\n<div class='dynamic__css__class'>\n<div class='woo_mulit_layout_product_image hatter-a-gepnek none'><a href=\"https:\/\/kleinpark.hu\/wp\/termek\/iveco-trakker\/\" class=\"woocommerce-LoopProduct-link woocommerce-loop-product__link\"><img decoding=\"async\" src=\"https:\/\/kleinpark.hu\/wp\/wp-content\/uploads\/2023\/09\/IMG-7985-depositphotos-bgremover-1-150x150.png\" alt=\"IVECO Hiab 099 Duo\" \/><\/a><\/div>\n<div class=\"woo_mulit_layout_product_title \">\n<h2 class=\"woocommerce-loop-product__title\"><a href=\"https:\/\/kleinpark.hu\/wp\/termek\/iveco-trakker\/\" class=\"woocommerce-LoopProduct-link woocommerce-loop-product__link\">IVECO Hiab 099 Duo<\/a><\/h2>\n<\/div>\n<div class=\"woo_mulit_readmore \"> <a href=\" https:\/\/kleinpark.hu\/wp\/termek\/iveco-trakker\/ \">Tov\u00e1bbi r\u00e9szletek<\/a>&nbsp;<\/div>\n<\/div>\n<\/li>\n<li class='ed__col__4 ed__col__md__1 ed__col__sm__2'>\n<div class='dynamic__css__class'>\n<div class='woo_mulit_layout_product_image hatter-a-gepnek none'><a href=\"https:\/\/kleinpark.hu\/wp\/termek\/renault-kerax\/\" class=\"woocommerce-LoopProduct-link woocommerce-loop-product__link\"><img decoding=\"async\" src=\"https:\/\/kleinpark.hu\/wp\/wp-content\/uploads\/1941\/07\/Nevtelen-150x150.png\" alt=\"RENAULT Palfinger PK 44002\" \/><\/a><\/div>\n<div class=\"woo_mulit_layout_product_title \">\n<h2 class=\"woocommerce-loop-product__title\"><a href=\"https:\/\/kleinpark.hu\/wp\/termek\/renault-kerax\/\" class=\"woocommerce-LoopProduct-link woocommerce-loop-product__link\">RENAULT Palfinger PK 44002<\/a><\/h2>\n<\/div>\n<div class=\"woo_mulit_readmore \"> <a href=\" https:\/\/kleinpark.hu\/wp\/termek\/renault-kerax\/ \">Tov\u00e1bbi r\u00e9szletek<\/a>&nbsp;<\/div>\n<\/div>\n<\/li>\n<li class='ed__col__4 ed__col__md__1 ed__col__sm__2'>\n<div class='dynamic__css__class'>\n<div class='woo_mulit_layout_product_image hatter-a-gepnek none'><a href=\"https:\/\/kleinpark.hu\/wp\/termek\/steyr-1924\/\" class=\"woocommerce-LoopProduct-link woocommerce-loop-product__link\"><img decoding=\"async\" src=\"https:\/\/kleinpark.hu\/wp\/wp-content\/uploads\/steyr_19s24_4x41-150x150.png\" alt=\"STEYR Hiab 071 AW\" \/><\/a><\/div>\n<div class=\"woo_mulit_layout_product_title \">\n<h2 class=\"woocommerce-loop-product__title\"><a href=\"https:\/\/kleinpark.hu\/wp\/termek\/steyr-1924\/\" class=\"woocommerce-LoopProduct-link woocommerce-loop-product__link\">STEYR Hiab 071 AW<\/a><\/h2>\n<\/div>\n<div class=\"woo_mulit_readmore \"> <a href=\" https:\/\/kleinpark.hu\/wp\/termek\/steyr-1924\/ \">Tov\u00e1bbi r\u00e9szletek<\/a>&nbsp;<\/div>\n<\/div>\n<\/li>\n<li class='ed__col__4 ed__col__md__1 ed__col__sm__2'>\n<div class='dynamic__css__class'>\n<div class='woo_mulit_layout_product_image hatter-a-gepnek none'><a href=\"https:\/\/kleinpark.hu\/wp\/termek\/man-gepszallito\/\" class=\"woocommerce-LoopProduct-link woocommerce-loop-product__link\"><img decoding=\"async\" src=\"https:\/\/kleinpark.hu\/wp\/wp-content\/uploads\/2023\/09\/Nevtelen-1-150x150.png\" alt=\"MAN g\u00e9psz\u00e1ll\u00edt\u00f3 TGS 4&#215;2\" \/><\/a><\/div>\n<div class=\"woo_mulit_layout_product_title \">\n<h2 class=\"woocommerce-loop-product__title\"><a href=\"https:\/\/kleinpark.hu\/wp\/termek\/man-gepszallito\/\" class=\"woocommerce-LoopProduct-link woocommerce-loop-product__link\">MAN g\u00e9psz\u00e1ll\u00edt\u00f3 TGS 4&#215;2<\/a><\/h2>\n<\/div>\n<div class=\"woo_mulit_readmore \"> <a href=\" https:\/\/kleinpark.hu\/wp\/termek\/man-gepszallito\/ \">Tov\u00e1bbi r\u00e9szletek<\/a>&nbsp;<\/div>\n<\/div>\n<\/li>\n<li class='ed__col__4 ed__col__md__1 ed__col__sm__2'>\n<div class='dynamic__css__class'>\n<div class='woo_mulit_layout_product_image hatter-a-gepnek none'><a href=\"https:\/\/kleinpark.hu\/wp\/termek\/man\/\" class=\"woocommerce-LoopProduct-link woocommerce-loop-product__link\"><img decoding=\"async\" src=\"https:\/\/kleinpark.hu\/wp\/wp-content\/uploads\/1938\/07\/Nevtelen-150x150.png\" alt=\"MAN g\u00e9psz\u00e1ll\u00edt\u00f3 TGA 35.390\" \/><\/a><\/div>\n<div class=\"woo_mulit_layout_product_title \">\n<h2 class=\"woocommerce-loop-product__title\"><a href=\"https:\/\/kleinpark.hu\/wp\/termek\/man\/\" class=\"woocommerce-LoopProduct-link woocommerce-loop-product__link\">MAN g\u00e9psz\u00e1ll\u00edt\u00f3 TGA 35.390<\/a><\/h2>\n<\/div>\n<div class=\"woo_mulit_readmore \"> <a href=\" https:\/\/kleinpark.hu\/wp\/termek\/man\/ \">Tov\u00e1bbi r\u00e9szletek<\/a>&nbsp;<\/div>\n<\/div>\n<\/li>\n<\/ul>\n<nav class=\"woocommerce-pagination\">\n<ul class='page-numbers'>\n<li><span aria-label=\"Page 1\" aria-current=\"page\" class=\"page-numbers current\">1<\/span><\/li>\n<li><a aria-label=\"Page 2\" class=\"page-numbers\" href=\"https:\/\/kleinpark.hu\/wp\/wp-json\/wp\/v2\/pages\/1291\/page\/2\/\">2<\/a><\/li>\n<li><a class=\"next page-numbers\" href=\"https:\/\/kleinpark.hu\/wp\/wp-json\/wp\/v2\/pages\/1291\/page\/2\/\">&rarr;<\/a><\/li>\n<\/ul>\n<\/nav>\n<\/div>\n\t\t\t\t\t\t\t\t<\/div>\n\t\t\t\t<\/div>\n\t\t\t\t\t<\/div>\n\t\t<\/div>\n\t\t\t\t\t<\/div>\n\t\t<\/section>\n\t\t\t\t<\/div>\n\t\t","protected":false},"excerpt":{"rendered":"","protected":false},"author":1,"featured_media":0,"parent":1325,"menu_order":0,"comment_status":"closed","ping_status":"closed","template":"","meta":{"_eb_attr":"","_monsterinsights_skip_tracking":false,"_monsterinsights_sitenote_active":false,"_monsterinsights_sitenote_note":"","_monsterinsights_sitenote_category":0,"footnotes":""},"class_list":["post-1291","page","type-page","status-publish","hentry"],"aioseo_notices":[],"jetpack_sharing_enabled":true,"_links":{"self":[{"href":"https:\/\/kleinpark.hu\/wp\/wp-json\/wp\/v2\/pages\/1291","targetHints":{"allow":["GET"]}}],"collection":[{"href":"https:\/\/kleinpark.hu\/wp\/wp-json\/wp\/v2\/pages"}],"about":[{"href":"https:\/\/kleinpark.hu\/wp\/wp-json\/wp\/v2\/types\/page"}],"author":[{"embeddable":true,"href":"https:\/\/kleinpark.hu\/wp\/wp-json\/wp\/v2\/users\/1"}],"replies":[{"embeddable":true,"href":"https:\/\/kleinpark.hu\/wp\/wp-json\/wp\/v2\/comments?post=1291"}],"version-history":[{"count":4,"href":"https:\/\/kleinpark.hu\/wp\/wp-json\/wp\/v2\/pages\/1291\/revisions"}],"predecessor-version":[{"id":62692,"href":"https:\/\/kleinpark.hu\/wp\/wp-json\/wp\/v2\/pages\/1291\/revisions\/62692"}],"up":[{"embeddable":true,"href":"https:\/\/kleinpark.hu\/wp\/wp-json\/wp\/v2\/pages\/1325"}],"wp:attachment":[{"href":"https:\/\/kleinpark.hu\/wp\/wp-json\/wp\/v2\/media?parent=1291"}],"curies":[{"name":"wp","href":"https:\/\/api.w.org\/{rel}","templated":true}]}}